{"id":5899,"date":"2023-09-26T16:00:07","date_gmt":"2023-09-26T13:00:07","guid":{"rendered":"https:\/\/laviboutique.lt\/?post_type=product&#038;p=5899"},"modified":"2024-08-18T17:41:05","modified_gmt":"2024-08-18T14:41:05","slug":"dirbtines-odos-sortai-su-dirzu-kreminiai","status":"publish","type":"product","link":"https:\/\/laviboutique.lt\/index.php\/produktas\/dirbtines-odos-sortai-su-dirzu-kreminiai\/","title":{"rendered":"Dirbtin\u0117s odos \u0161ortai su dir\u017eu kreminiai"},"content":{"rendered":"","protected":false},"excerpt":{"rendered":"","protected":false},"featured_media":5980,"template":"","meta":{"om_disable_all_campaigns":false,"_monsterinsights_skip_tracking":false,"_monsterinsights_sitenote_active":false,"_monsterinsights_sitenote_note":"","_monsterinsights_sitenote_category":0},"product_cat":[26],"product_tag":[],"aioseo_notices":[],"jetpack_sharing_enabled":true,"_links":{"self":[{"href":"https:\/\/laviboutique.lt\/index.php\/wp-json\/wp\/v2\/product\/5899"}],"collection":[{"href":"https:\/\/laviboutique.lt\/index.php\/wp-json\/wp\/v2\/product"}],"about":[{"href":"https:\/\/laviboutique.lt\/index.php\/wp-json\/wp\/v2\/types\/product"}],"wp:featuredmedia":[{"embeddable":true,"href":"https:\/\/laviboutique.lt\/index.php\/wp-json\/wp\/v2\/media\/5980"}],"wp:attachment":[{"href":"https:\/\/laviboutique.lt\/index.php\/wp-json\/wp\/v2\/media?parent=5899"}],"wp:term":[{"taxonomy":"product_cat","embeddable":true,"href":"https:\/\/laviboutique.lt\/index.php\/wp-json\/wp\/v2\/product_cat?post=5899"},{"taxonomy":"product_tag","embeddable":true,"href":"https:\/\/laviboutique.lt\/index.php\/wp-json\/wp\/v2\/product_tag?post=5899"}],"curies":[{"name":"wp","href":"https:\/\/api.w.org\/{rel}","templated":true}]}}