{"id":6899,"date":"2023-11-07T19:44:04","date_gmt":"2023-11-07T17:44:04","guid":{"rendered":"https:\/\/laviboutique.lt\/?post_type=product&#038;p=6899"},"modified":"2025-02-04T20:10:26","modified_gmt":"2025-02-04T18:10:26","slug":"nerta-suknele-su-iskirpte-ant-krutines","status":"publish","type":"product","link":"https:\/\/laviboutique.lt\/index.php\/produktas\/nerta-suknele-su-iskirpte-ant-krutines\/","title":{"rendered":"Nerta suknel\u0117 su i\u0161kirpte ant krutin\u0117s"},"content":{"rendered":"<p>Tampri, maloni k\u016bnui suknel\u0117<br \/>\nDydis universalus (tiks nuo xs iki m)<br \/>\nModelio ugis 169cm, ne\u0161iojam\u0173 r\u016bb\u0173 dydis XS<\/p>\n","protected":false},"excerpt":{"rendered":"<p>90% viskoz\u0117, 10% elastanas<\/p>\n","protected":false},"featured_media":6900,"template":"","meta":{"om_disable_all_campaigns":false,"_monsterinsights_skip_tracking":false,"_monsterinsights_sitenote_active":false,"_monsterinsights_sitenote_note":"","_monsterinsights_sitenote_category":0},"product_cat":[22],"product_tag":[],"aioseo_notices":[],"jetpack_sharing_enabled":true,"_links":{"self":[{"href":"https:\/\/laviboutique.lt\/index.php\/wp-json\/wp\/v2\/product\/6899"}],"collection":[{"href":"https:\/\/laviboutique.lt\/index.php\/wp-json\/wp\/v2\/product"}],"about":[{"href":"https:\/\/laviboutique.lt\/index.php\/wp-json\/wp\/v2\/types\/product"}],"wp:featuredmedia":[{"embeddable":true,"href":"https:\/\/laviboutique.lt\/index.php\/wp-json\/wp\/v2\/media\/6900"}],"wp:attachment":[{"href":"https:\/\/laviboutique.lt\/index.php\/wp-json\/wp\/v2\/media?parent=6899"}],"wp:term":[{"taxonomy":"product_cat","embeddable":true,"href":"https:\/\/laviboutique.lt\/index.php\/wp-json\/wp\/v2\/product_cat?post=6899"},{"taxonomy":"product_tag","embeddable":true,"href":"https:\/\/laviboutique.lt\/index.php\/wp-json\/wp\/v2\/product_tag?post=6899"}],"curies":[{"name":"wp","href":"https:\/\/api.w.org\/{rel}","templated":true}]}}