{"id":6920,"date":"2023-11-08T19:24:34","date_gmt":"2023-11-08T17:24:34","guid":{"rendered":"https:\/\/laviboutique.lt\/?post_type=product&#038;p=6920"},"modified":"2024-10-03T14:38:11","modified_gmt":"2024-10-03T11:38:11","slug":"storas-megztukas-trumpomis-rankovemis-zydras","status":"publish","type":"product","link":"https:\/\/laviboutique.lt\/index.php\/produktas\/storas-megztukas-trumpomis-rankovemis-zydras\/","title":{"rendered":"Storas megztukas trumpomis rankov\u0117mis \u017eydras"},"content":{"rendered":"<p>Mink\u0161tas, \u0161iltas, \u0161velnus, nekanda<\/p>\n<p>I\u0161matavimai: kr\u016btin\u0117 iki 110cm, liemuo iki 90cm, ilgis 60cm, rankov\u0117 nuo peties 32cm<\/p>\n","protected":false},"excerpt":{"rendered":"<p>20% mohera, 10% vilna, 60% akrilas, 10% nailonas<\/p>\n","protected":false},"featured_media":6924,"template":"","meta":{"om_disable_all_campaigns":false,"_monsterinsights_skip_tracking":false,"_monsterinsights_sitenote_active":false,"_monsterinsights_sitenote_note":"","_monsterinsights_sitenote_category":0},"product_cat":[25],"product_tag":[],"aioseo_notices":[],"jetpack_sharing_enabled":true,"_links":{"self":[{"href":"https:\/\/laviboutique.lt\/index.php\/wp-json\/wp\/v2\/product\/6920"}],"collection":[{"href":"https:\/\/laviboutique.lt\/index.php\/wp-json\/wp\/v2\/product"}],"about":[{"href":"https:\/\/laviboutique.lt\/index.php\/wp-json\/wp\/v2\/types\/product"}],"wp:featuredmedia":[{"embeddable":true,"href":"https:\/\/laviboutique.lt\/index.php\/wp-json\/wp\/v2\/media\/6924"}],"wp:attachment":[{"href":"https:\/\/laviboutique.lt\/index.php\/wp-json\/wp\/v2\/media?parent=6920"}],"wp:term":[{"taxonomy":"product_cat","embeddable":true,"href":"https:\/\/laviboutique.lt\/index.php\/wp-json\/wp\/v2\/product_cat?post=6920"},{"taxonomy":"product_tag","embeddable":true,"href":"https:\/\/laviboutique.lt\/index.php\/wp-json\/wp\/v2\/product_tag?post=6920"}],"curies":[{"name":"wp","href":"https:\/\/api.w.org\/{rel}","templated":true}]}}