{"id":7295,"date":"2024-01-12T19:00:24","date_gmt":"2024-01-12T17:00:24","guid":{"rendered":"https:\/\/laviboutique.lt\/?post_type=product&#038;p=7295"},"modified":"2025-02-05T22:57:37","modified_gmt":"2025-02-05T20:57:37","slug":"klasikinis-juodas-svarkas","status":"publish","type":"product","link":"https:\/\/laviboutique.lt\/index.php\/produktas\/klasikinis-juodas-svarkas\/","title":{"rendered":"Klasikinis juodas \u0161varkas"},"content":{"rendered":"<p>Kokybi\u0161kas, tvirtas \u0161varkas, tai bazinis drabu\u017eis kuris tur\u0117t\u0173 b\u016bti kiekvieno spintoje!<\/p>\n<p>I\u0161matavimai:<\/p>\n<p>S &#8211; ilgis 74cm, kr\u016btin\u0117 iki 100cm, liemuo iki 100cm, rankov\u0117 60cm<\/p>\n<p>M &#8211; ilgis 75cm, kr\u016btin\u0117 iki 105cm, liemuo iki 103cm, rankov\u0117 61cm<\/p>\n<p>L &#8211; ilgis 76cm, kr\u016btin\u0117 iki 110cm, liemuo iki 106cm, rankov\u0117 62cm<\/p>\n","protected":false},"excerpt":{"rendered":"<p>Kokybi\u0161kas, tvirtas \u0161varkas, tai bazinis drabu\u017eis kuris tur\u0117t\u0173 b\u016bti kiekvieno spintoje! I\u0161matavimai: S &#8211; ilgis 74cm, kr\u016btin\u0117 iki 100cm, liemuo iki 100cm, rankov\u0117 60cm M &#8211; ilgis 75cm, kr\u016btin\u0117 iki 105cm, liemuo iki 103cm, rankov\u0117 61cm L &#8211; ilgis 76cm, kr\u016btin\u0117 iki 110cm, liemuo iki 106cm, rankov\u0117 62cm<\/p>\n","protected":false},"featured_media":9415,"template":"","meta":{"om_disable_all_campaigns":false,"_monsterinsights_skip_tracking":false,"_monsterinsights_sitenote_active":false,"_monsterinsights_sitenote_note":"","_monsterinsights_sitenote_category":0},"product_cat":[28],"product_tag":[],"aioseo_notices":[],"jetpack_sharing_enabled":true,"_links":{"self":[{"href":"https:\/\/laviboutique.lt\/index.php\/wp-json\/wp\/v2\/product\/7295"}],"collection":[{"href":"https:\/\/laviboutique.lt\/index.php\/wp-json\/wp\/v2\/product"}],"about":[{"href":"https:\/\/laviboutique.lt\/index.php\/wp-json\/wp\/v2\/types\/product"}],"wp:featuredmedia":[{"embeddable":true,"href":"https:\/\/laviboutique.lt\/index.php\/wp-json\/wp\/v2\/media\/9415"}],"wp:attachment":[{"href":"https:\/\/laviboutique.lt\/index.php\/wp-json\/wp\/v2\/media?parent=7295"}],"wp:term":[{"taxonomy":"product_cat","embeddable":true,"href":"https:\/\/laviboutique.lt\/index.php\/wp-json\/wp\/v2\/product_cat?post=7295"},{"taxonomy":"product_tag","embeddable":true,"href":"https:\/\/laviboutique.lt\/index.php\/wp-json\/wp\/v2\/product_tag?post=7295"}],"curies":[{"name":"wp","href":"https:\/\/api.w.org\/{rel}","templated":true}]}}