{"id":7319,"date":"2024-01-16T14:36:14","date_gmt":"2024-01-16T12:36:14","guid":{"rendered":"https:\/\/laviboutique.lt\/?post_type=product&#038;p=7319"},"modified":"2024-05-12T13:49:59","modified_gmt":"2024-05-12T10:49:59","slug":"juodas-lumina-bomber-svarkas","status":"publish","type":"product","link":"https:\/\/laviboutique.lt\/index.php\/produktas\/juodas-lumina-bomber-svarkas\/","title":{"rendered":"Juodas Lumina bomber \u0161varkas"},"content":{"rendered":"<p>I\u0161matavimai:<\/p>\n<p>S &#8211; ilgis 55cm, kr\u016btin\u0117 iki 110cm<\/p>\n<p>M &#8211; ilgis 56cm, kr\u016btin\u0117 iki 115cm<\/p>\n","protected":false},"excerpt":{"rendered":"<p>I\u0161matavimai: S &#8211; ilgis 55cm, kr\u016btin\u0117 iki 110cm M &#8211; ilgis 56cm, kr\u016btin\u0117 iki 115cm<\/p>\n","protected":false},"featured_media":7368,"template":"","meta":{"om_disable_all_campaigns":false,"_monsterinsights_skip_tracking":false,"_monsterinsights_sitenote_active":false,"_monsterinsights_sitenote_note":"","_monsterinsights_sitenote_category":0},"product_cat":[28],"product_tag":[],"aioseo_notices":[],"jetpack_sharing_enabled":true,"_links":{"self":[{"href":"https:\/\/laviboutique.lt\/index.php\/wp-json\/wp\/v2\/product\/7319"}],"collection":[{"href":"https:\/\/laviboutique.lt\/index.php\/wp-json\/wp\/v2\/product"}],"about":[{"href":"https:\/\/laviboutique.lt\/index.php\/wp-json\/wp\/v2\/types\/product"}],"wp:featuredmedia":[{"embeddable":true,"href":"https:\/\/laviboutique.lt\/index.php\/wp-json\/wp\/v2\/media\/7368"}],"wp:attachment":[{"href":"https:\/\/laviboutique.lt\/index.php\/wp-json\/wp\/v2\/media?parent=7319"}],"wp:term":[{"taxonomy":"product_cat","embeddable":true,"href":"https:\/\/laviboutique.lt\/index.php\/wp-json\/wp\/v2\/product_cat?post=7319"},{"taxonomy":"product_tag","embeddable":true,"href":"https:\/\/laviboutique.lt\/index.php\/wp-json\/wp\/v2\/product_tag?post=7319"}],"curies":[{"name":"wp","href":"https:\/\/api.w.org\/{rel}","templated":true}]}}