{"id":7428,"date":"2024-02-03T14:39:29","date_gmt":"2024-02-03T12:39:29","guid":{"rendered":"https:\/\/laviboutique.lt\/?post_type=product&#038;p=7428"},"modified":"2025-05-10T10:26:41","modified_gmt":"2025-05-10T07:26:41","slug":"koraline-suknele-kamilla","status":"publish","type":"product","link":"https:\/\/laviboutique.lt\/index.php\/produktas\/koraline-suknele-kamilla\/","title":{"rendered":"Koralin\u0117 suknel\u0117 \u201cKamilla\u201d"},"content":{"rendered":"<p>I\u0161matavimai:<\/p>\n<p>S &#8211; ilgis 86cm, kr\u016btin\u0117 iki 98cm, liemuo 68cm, klubai iki 93cm<\/p>\n<p>M &#8211; ilgis 86cm, kr\u016btin\u0117 iki 100cm, liemuo iki 72cm, klubai 95cm<\/p>\n","protected":false},"excerpt":{"rendered":"<p>I\u0161matavimai: S &#8211; ilgis 86cm, kr\u016btin\u0117 iki 98cm, liemuo 68cm, klubai iki 93cm M &#8211; ilgis 86cm, kr\u016btin\u0117 iki 100cm, liemuo iki 72cm, klubai 95cm<\/p>\n","protected":false},"featured_media":7495,"template":"","meta":{"om_disable_all_campaigns":false,"_monsterinsights_skip_tracking":false,"_monsterinsights_sitenote_active":false,"_monsterinsights_sitenote_note":"","_monsterinsights_sitenote_category":0},"product_cat":[22],"product_tag":[],"aioseo_notices":[],"jetpack_sharing_enabled":true,"_links":{"self":[{"href":"https:\/\/laviboutique.lt\/index.php\/wp-json\/wp\/v2\/product\/7428"}],"collection":[{"href":"https:\/\/laviboutique.lt\/index.php\/wp-json\/wp\/v2\/product"}],"about":[{"href":"https:\/\/laviboutique.lt\/index.php\/wp-json\/wp\/v2\/types\/product"}],"wp:featuredmedia":[{"embeddable":true,"href":"https:\/\/laviboutique.lt\/index.php\/wp-json\/wp\/v2\/media\/7495"}],"wp:attachment":[{"href":"https:\/\/laviboutique.lt\/index.php\/wp-json\/wp\/v2\/media?parent=7428"}],"wp:term":[{"taxonomy":"product_cat","embeddable":true,"href":"https:\/\/laviboutique.lt\/index.php\/wp-json\/wp\/v2\/product_cat?post=7428"},{"taxonomy":"product_tag","embeddable":true,"href":"https:\/\/laviboutique.lt\/index.php\/wp-json\/wp\/v2\/product_tag?post=7428"}],"curies":[{"name":"wp","href":"https:\/\/api.w.org\/{rel}","templated":true}]}}