{"id":7466,"date":"2024-02-09T15:32:19","date_gmt":"2024-02-09T13:32:19","guid":{"rendered":"https:\/\/laviboutique.lt\/?post_type=product&#038;p=7466"},"modified":"2026-02-16T00:08:18","modified_gmt":"2026-02-15T22:08:18","slug":"susiauciama-midi-suknele-zydra","status":"publish","type":"product","link":"https:\/\/laviboutique.lt\/index.php\/produktas\/susiauciama-midi-suknele-zydra\/","title":{"rendered":"Susiau\u010diama midi suknel\u0117 \u017eydra"},"content":{"rendered":"","protected":false},"excerpt":{"rendered":"<p>Modelio \u016bgis 169cm<\/p>\n","protected":false},"featured_media":8267,"template":"","meta":{"om_disable_all_campaigns":false,"_monsterinsights_skip_tracking":false,"_monsterinsights_sitenote_active":false,"_monsterinsights_sitenote_note":"","_monsterinsights_sitenote_category":0},"product_cat":[22],"product_tag":[],"aioseo_notices":[],"jetpack_sharing_enabled":true,"_links":{"self":[{"href":"https:\/\/laviboutique.lt\/index.php\/wp-json\/wp\/v2\/product\/7466"}],"collection":[{"href":"https:\/\/laviboutique.lt\/index.php\/wp-json\/wp\/v2\/product"}],"about":[{"href":"https:\/\/laviboutique.lt\/index.php\/wp-json\/wp\/v2\/types\/product"}],"wp:featuredmedia":[{"embeddable":true,"href":"https:\/\/laviboutique.lt\/index.php\/wp-json\/wp\/v2\/media\/8267"}],"wp:attachment":[{"href":"https:\/\/laviboutique.lt\/index.php\/wp-json\/wp\/v2\/media?parent=7466"}],"wp:term":[{"taxonomy":"product_cat","embeddable":true,"href":"https:\/\/laviboutique.lt\/index.php\/wp-json\/wp\/v2\/product_cat?post=7466"},{"taxonomy":"product_tag","embeddable":true,"href":"https:\/\/laviboutique.lt\/index.php\/wp-json\/wp\/v2\/product_tag?post=7466"}],"curies":[{"name":"wp","href":"https:\/\/api.w.org\/{rel}","templated":true}]}}