{"id":7513,"date":"2024-02-14T12:46:59","date_gmt":"2024-02-14T10:46:59","guid":{"rendered":"https:\/\/laviboutique.lt\/index.php\/produktas\/susiauciama-mini-suknele-zydra\/"},"modified":"2026-01-27T14:59:21","modified_gmt":"2026-01-27T12:59:21","slug":"susiauciama-mini-suknele-zydra","status":"publish","type":"product","link":"https:\/\/laviboutique.lt\/index.php\/produktas\/susiauciama-mini-suknele-zydra\/","title":{"rendered":"Susiau\u010diama mini suknel\u0117 \u017eydra"},"content":{"rendered":"","protected":false},"excerpt":{"rendered":"","protected":false},"featured_media":7623,"template":"","meta":{"om_disable_all_campaigns":false,"_monsterinsights_skip_tracking":false,"_monsterinsights_sitenote_active":false,"_monsterinsights_sitenote_note":"","_monsterinsights_sitenote_category":0},"product_cat":[22],"product_tag":[],"aioseo_notices":[],"jetpack_sharing_enabled":true,"_links":{"self":[{"href":"https:\/\/laviboutique.lt\/index.php\/wp-json\/wp\/v2\/product\/7513"}],"collection":[{"href":"https:\/\/laviboutique.lt\/index.php\/wp-json\/wp\/v2\/product"}],"about":[{"href":"https:\/\/laviboutique.lt\/index.php\/wp-json\/wp\/v2\/types\/product"}],"wp:featuredmedia":[{"embeddable":true,"href":"https:\/\/laviboutique.lt\/index.php\/wp-json\/wp\/v2\/media\/7623"}],"wp:attachment":[{"href":"https:\/\/laviboutique.lt\/index.php\/wp-json\/wp\/v2\/media?parent=7513"}],"wp:term":[{"taxonomy":"product_cat","embeddable":true,"href":"https:\/\/laviboutique.lt\/index.php\/wp-json\/wp\/v2\/product_cat?post=7513"},{"taxonomy":"product_tag","embeddable":true,"href":"https:\/\/laviboutique.lt\/index.php\/wp-json\/wp\/v2\/product_tag?post=7513"}],"curies":[{"name":"wp","href":"https:\/\/api.w.org\/{rel}","templated":true}]}}