{"id":7719,"date":"2024-04-20T23:56:53","date_gmt":"2024-04-20T20:56:53","guid":{"rendered":"https:\/\/laviboutique.lt\/?post_type=product&#038;p=7719"},"modified":"2026-02-16T00:07:32","modified_gmt":"2026-02-15T22:07:32","slug":"baltas-klasikinis-svarkas","status":"publish","type":"product","link":"https:\/\/laviboutique.lt\/index.php\/produktas\/baltas-klasikinis-svarkas\/","title":{"rendered":"Baltas klasikinis \u0161varkas"},"content":{"rendered":"<p>Tvirtos med\u017eiagos, su dviej\u0173 eili\u0173 sagomis <\/p>\n","protected":false},"excerpt":{"rendered":"<p>Tvirtos med\u017eiagos, su dviej\u0173 eili\u0173 sagomis<\/p>\n","protected":false},"featured_media":7714,"template":"","meta":{"om_disable_all_campaigns":false,"_monsterinsights_skip_tracking":false,"_monsterinsights_sitenote_active":false,"_monsterinsights_sitenote_note":"","_monsterinsights_sitenote_category":0},"product_cat":[28],"product_tag":[],"aioseo_notices":[],"jetpack_sharing_enabled":true,"_links":{"self":[{"href":"https:\/\/laviboutique.lt\/index.php\/wp-json\/wp\/v2\/product\/7719"}],"collection":[{"href":"https:\/\/laviboutique.lt\/index.php\/wp-json\/wp\/v2\/product"}],"about":[{"href":"https:\/\/laviboutique.lt\/index.php\/wp-json\/wp\/v2\/types\/product"}],"wp:featuredmedia":[{"embeddable":true,"href":"https:\/\/laviboutique.lt\/index.php\/wp-json\/wp\/v2\/media\/7714"}],"wp:attachment":[{"href":"https:\/\/laviboutique.lt\/index.php\/wp-json\/wp\/v2\/media?parent=7719"}],"wp:term":[{"taxonomy":"product_cat","embeddable":true,"href":"https:\/\/laviboutique.lt\/index.php\/wp-json\/wp\/v2\/product_cat?post=7719"},{"taxonomy":"product_tag","embeddable":true,"href":"https:\/\/laviboutique.lt\/index.php\/wp-json\/wp\/v2\/product_tag?post=7719"}],"curies":[{"name":"wp","href":"https:\/\/api.w.org\/{rel}","templated":true}]}}