{"id":8009,"date":"2024-05-24T15:02:38","date_gmt":"2024-05-24T12:02:38","guid":{"rendered":"https:\/\/laviboutique.lt\/?post_type=product&#038;p=8009"},"modified":"2025-12-23T18:23:17","modified_gmt":"2025-12-23T16:23:17","slug":"armani-silko-imitacijos-zalia-suknele","status":"publish","type":"product","link":"https:\/\/laviboutique.lt\/index.php\/produktas\/armani-silko-imitacijos-zalia-suknele\/","title":{"rendered":"Armani \u0161ilko imitacijos chaki suknel\u0117"},"content":{"rendered":"<p>Ilgis 90cm<\/p>\n<p>Susiau\u010diama, dyd\u017eiams xs\/m<\/p>\n","protected":false},"excerpt":{"rendered":"<p>\u2757\ufe0fSUKNEL\u0116 N\u0116RA GR\u0104\u017dINAMA\u2757\ufe0f Tod\u0117l prie\u0161 perkant susi\u017einokite visas detales apie j\u0105 arba atvykite \u012f \u017demynos g. 30, Vilnius pasimatavimui<\/p>\n","protected":false},"featured_media":8010,"template":"","meta":{"om_disable_all_campaigns":false,"_monsterinsights_skip_tracking":false,"_monsterinsights_sitenote_active":false,"_monsterinsights_sitenote_note":"","_monsterinsights_sitenote_category":0},"product_cat":[22],"product_tag":[],"aioseo_notices":[],"jetpack_sharing_enabled":true,"_links":{"self":[{"href":"https:\/\/laviboutique.lt\/index.php\/wp-json\/wp\/v2\/product\/8009"}],"collection":[{"href":"https:\/\/laviboutique.lt\/index.php\/wp-json\/wp\/v2\/product"}],"about":[{"href":"https:\/\/laviboutique.lt\/index.php\/wp-json\/wp\/v2\/types\/product"}],"wp:featuredmedia":[{"embeddable":true,"href":"https:\/\/laviboutique.lt\/index.php\/wp-json\/wp\/v2\/media\/8010"}],"wp:attachment":[{"href":"https:\/\/laviboutique.lt\/index.php\/wp-json\/wp\/v2\/media?parent=8009"}],"wp:term":[{"taxonomy":"product_cat","embeddable":true,"href":"https:\/\/laviboutique.lt\/index.php\/wp-json\/wp\/v2\/product_cat?post=8009"},{"taxonomy":"product_tag","embeddable":true,"href":"https:\/\/laviboutique.lt\/index.php\/wp-json\/wp\/v2\/product_tag?post=8009"}],"curies":[{"name":"wp","href":"https:\/\/api.w.org\/{rel}","templated":true}]}}