{"id":8100,"date":"2024-06-06T17:19:53","date_gmt":"2024-06-06T14:19:53","guid":{"rendered":"https:\/\/laviboutique.lt\/?post_type=product&#038;p=8100"},"modified":"2025-12-23T18:23:31","modified_gmt":"2025-12-23T16:23:31","slug":"silko-imitacijos-melyna-suknele","status":"publish","type":"product","link":"https:\/\/laviboutique.lt\/index.php\/produktas\/silko-imitacijos-melyna-suknele\/","title":{"rendered":"Armani \u0161ilko imitacijos m\u0117lyna suknel\u0117"},"content":{"rendered":"<p>Suknel\u0117s ilgis 90cm<\/p>\n<p>Susiau\u010diama, dyd\u017eiams xs\/m<\/p>\n","protected":false},"excerpt":{"rendered":"<p>Suknel\u0117s ilgis 90cm Susiau\u010diama, dyd\u017eiams xs\/m<\/p>\n","protected":false},"featured_media":8102,"template":"","meta":{"om_disable_all_campaigns":false,"_monsterinsights_skip_tracking":false,"_monsterinsights_sitenote_active":false,"_monsterinsights_sitenote_note":"","_monsterinsights_sitenote_category":0},"product_cat":[22],"product_tag":[],"aioseo_notices":[],"jetpack_sharing_enabled":true,"_links":{"self":[{"href":"https:\/\/laviboutique.lt\/index.php\/wp-json\/wp\/v2\/product\/8100"}],"collection":[{"href":"https:\/\/laviboutique.lt\/index.php\/wp-json\/wp\/v2\/product"}],"about":[{"href":"https:\/\/laviboutique.lt\/index.php\/wp-json\/wp\/v2\/types\/product"}],"wp:featuredmedia":[{"embeddable":true,"href":"https:\/\/laviboutique.lt\/index.php\/wp-json\/wp\/v2\/media\/8102"}],"wp:attachment":[{"href":"https:\/\/laviboutique.lt\/index.php\/wp-json\/wp\/v2\/media?parent=8100"}],"wp:term":[{"taxonomy":"product_cat","embeddable":true,"href":"https:\/\/laviboutique.lt\/index.php\/wp-json\/wp\/v2\/product_cat?post=8100"},{"taxonomy":"product_tag","embeddable":true,"href":"https:\/\/laviboutique.lt\/index.php\/wp-json\/wp\/v2\/product_tag?post=8100"}],"curies":[{"name":"wp","href":"https:\/\/api.w.org\/{rel}","templated":true}]}}