{"id":8491,"date":"2024-08-02T15:38:31","date_gmt":"2024-08-02T12:38:31","guid":{"rendered":"https:\/\/laviboutique.lt\/?post_type=product&#038;p=8491"},"modified":"2025-09-04T08:56:39","modified_gmt":"2025-09-04T05:56:39","slug":"raudona-suknele-su-kaspinu-nugaroje","status":"publish","type":"product","link":"https:\/\/laviboutique.lt\/index.php\/produktas\/raudona-suknele-su-kaspinu-nugaroje\/","title":{"rendered":"Raudona suknel\u0117 su kaspinu nugaroje"},"content":{"rendered":"<p>I\u0161matavimai:<\/p>\n<p>XS dydis: ilgis 87cm, kr\u016btin\u0117 iki 92cm, liemuo 68cm<\/p>\n<p>S dydis: ilgis 87cm, kr\u016btin\u0117 iki 94cm, liemuo 70cm<\/p>\n<p>M dydis: ilgis 88cm, kr\u016btine iki 96cm, liemuo 74cm<\/p>\n","protected":false},"excerpt":{"rendered":"<p>I\u0161matavimai: XS dydis: ilgis 87cm, kr\u016btin\u0117 iki 92cm, liemuo 68cm S dydis: ilgis 87cm, kr\u016btin\u0117 iki 94cm, liemuo 70cm M dydis: ilgis 88cm, kr\u016btine iki 96cm, liemuo 74cm<\/p>\n","protected":false},"featured_media":8487,"template":"","meta":{"om_disable_all_campaigns":false,"_monsterinsights_skip_tracking":false,"_monsterinsights_sitenote_active":false,"_monsterinsights_sitenote_note":"","_monsterinsights_sitenote_category":0},"product_cat":[22],"product_tag":[],"aioseo_notices":[],"jetpack_sharing_enabled":true,"_links":{"self":[{"href":"https:\/\/laviboutique.lt\/index.php\/wp-json\/wp\/v2\/product\/8491"}],"collection":[{"href":"https:\/\/laviboutique.lt\/index.php\/wp-json\/wp\/v2\/product"}],"about":[{"href":"https:\/\/laviboutique.lt\/index.php\/wp-json\/wp\/v2\/types\/product"}],"wp:featuredmedia":[{"embeddable":true,"href":"https:\/\/laviboutique.lt\/index.php\/wp-json\/wp\/v2\/media\/8487"}],"wp:attachment":[{"href":"https:\/\/laviboutique.lt\/index.php\/wp-json\/wp\/v2\/media?parent=8491"}],"wp:term":[{"taxonomy":"product_cat","embeddable":true,"href":"https:\/\/laviboutique.lt\/index.php\/wp-json\/wp\/v2\/product_cat?post=8491"},{"taxonomy":"product_tag","embeddable":true,"href":"https:\/\/laviboutique.lt\/index.php\/wp-json\/wp\/v2\/product_tag?post=8491"}],"curies":[{"name":"wp","href":"https:\/\/api.w.org\/{rel}","templated":true}]}}