{"id":8517,"date":"2024-08-05T15:58:36","date_gmt":"2024-08-05T12:58:36","guid":{"rendered":"https:\/\/laviboutique.lt\/?post_type=product&#038;p=8517"},"modified":"2026-02-22T11:08:14","modified_gmt":"2026-02-22T09:08:14","slug":"balti-bateliai-su-blizganciais-diezeliais","status":"publish","type":"product","link":"https:\/\/laviboutique.lt\/index.php\/produktas\/balti-bateliai-su-blizganciais-diezeliais\/","title":{"rendered":"Balti bateliai su blizgan\u010diais dir\u017eeliais"},"content":{"rendered":"<p>Nuostabaus gro\u017eio bateliai su blizgan\u010diais dir\u017eeliais<\/p>\n<p>Dyd\u012f atitinka, rinkites t\u0105 dyd\u012f kur\u012f ne\u0161iojate<\/p>\n","protected":false},"excerpt":{"rendered":"<p>Nuostabaus gro\u017eio bateliai su blizgan\u010diais dir\u017eeliais Dyd\u012f atitinka, rinkites t\u0105 dyd\u012f kur\u012f ne\u0161iojate<\/p>\n","protected":false},"featured_media":8516,"template":"","meta":{"om_disable_all_campaigns":false,"_monsterinsights_skip_tracking":false,"_monsterinsights_sitenote_active":false,"_monsterinsights_sitenote_note":"","_monsterinsights_sitenote_category":0},"product_cat":[30],"product_tag":[],"aioseo_notices":[],"jetpack_sharing_enabled":true,"_links":{"self":[{"href":"https:\/\/laviboutique.lt\/index.php\/wp-json\/wp\/v2\/product\/8517"}],"collection":[{"href":"https:\/\/laviboutique.lt\/index.php\/wp-json\/wp\/v2\/product"}],"about":[{"href":"https:\/\/laviboutique.lt\/index.php\/wp-json\/wp\/v2\/types\/product"}],"wp:featuredmedia":[{"embeddable":true,"href":"https:\/\/laviboutique.lt\/index.php\/wp-json\/wp\/v2\/media\/8516"}],"wp:attachment":[{"href":"https:\/\/laviboutique.lt\/index.php\/wp-json\/wp\/v2\/media?parent=8517"}],"wp:term":[{"taxonomy":"product_cat","embeddable":true,"href":"https:\/\/laviboutique.lt\/index.php\/wp-json\/wp\/v2\/product_cat?post=8517"},{"taxonomy":"product_tag","embeddable":true,"href":"https:\/\/laviboutique.lt\/index.php\/wp-json\/wp\/v2\/product_tag?post=8517"}],"curies":[{"name":"wp","href":"https:\/\/api.w.org\/{rel}","templated":true}]}}