{"id":8562,"date":"2024-08-07T10:00:43","date_gmt":"2024-08-07T07:00:43","guid":{"rendered":"https:\/\/laviboutique.lt\/?post_type=product&#038;p=8562"},"modified":"2025-12-30T22:30:32","modified_gmt":"2025-12-30T20:30:32","slug":"raudona-suknele-tulip","status":"publish","type":"product","link":"https:\/\/laviboutique.lt\/index.php\/produktas\/raudona-suknele-tulip\/","title":{"rendered":"Raudona suknel\u0117 \u201cTulip\u201d"},"content":{"rendered":"<p>I\u0161matavimai:<\/p>\n<p>S dydis &#8211; ilgis nuo pa\u017east\u0173 65cm, liemuo 72cm, kr\u016btin\u0117 ~84-86cm, klubai iki 94cm<\/p>\n<p>M dydis: ilgis nuo pa\u017east\u0173 67cm, liemuo 74cm, kr\u016btin\u0117 ~87-90cm, klubai iki 96cm<\/p>\n","protected":false},"excerpt":{"rendered":"<p>I\u0161matavimai: S dydis &#8211; ilgis nuo pa\u017east\u0173 65cm, liemuo 72cm, kr\u016btin\u0117 ~84-86cm, klubai iki 94cm M dydis: ilgis nuo pa\u017east\u0173 67cm, liemuo 74cm, kr\u016btin\u0117 ~87-90cm, klubai iki 96cm<\/p>\n","protected":false},"featured_media":8566,"template":"","meta":{"om_disable_all_campaigns":false,"_monsterinsights_skip_tracking":false,"_monsterinsights_sitenote_active":false,"_monsterinsights_sitenote_note":"","_monsterinsights_sitenote_category":0},"product_cat":[22],"product_tag":[],"aioseo_notices":[],"jetpack_sharing_enabled":true,"_links":{"self":[{"href":"https:\/\/laviboutique.lt\/index.php\/wp-json\/wp\/v2\/product\/8562"}],"collection":[{"href":"https:\/\/laviboutique.lt\/index.php\/wp-json\/wp\/v2\/product"}],"about":[{"href":"https:\/\/laviboutique.lt\/index.php\/wp-json\/wp\/v2\/types\/product"}],"wp:featuredmedia":[{"embeddable":true,"href":"https:\/\/laviboutique.lt\/index.php\/wp-json\/wp\/v2\/media\/8566"}],"wp:attachment":[{"href":"https:\/\/laviboutique.lt\/index.php\/wp-json\/wp\/v2\/media?parent=8562"}],"wp:term":[{"taxonomy":"product_cat","embeddable":true,"href":"https:\/\/laviboutique.lt\/index.php\/wp-json\/wp\/v2\/product_cat?post=8562"},{"taxonomy":"product_tag","embeddable":true,"href":"https:\/\/laviboutique.lt\/index.php\/wp-json\/wp\/v2\/product_tag?post=8562"}],"curies":[{"name":"wp","href":"https:\/\/api.w.org\/{rel}","templated":true}]}}