{"id":8577,"date":"2024-08-08T10:40:59","date_gmt":"2024-08-08T07:40:59","guid":{"rendered":"https:\/\/laviboutique.lt\/?post_type=product&#038;p=8577"},"modified":"2026-02-16T00:07:04","modified_gmt":"2026-02-15T22:07:04","slug":"juoda-atlasine-mini-suknele","status":"publish","type":"product","link":"https:\/\/laviboutique.lt\/index.php\/produktas\/juoda-atlasine-mini-suknele\/","title":{"rendered":"Juoda atlasin\u0117 mini suknel\u0117"},"content":{"rendered":"<p>I\u0161matavimai:<\/p>\n<p>M dydis: ilgis nuo pa\u017east\u0173 65cm, liemuo 72cm, kr\u016btin\u0117 iki 94cm, klubai iki 100cm<\/p>\n","protected":false},"excerpt":{"rendered":"<p>I\u0161matavimai: M dydis: ilgis nuo pa\u017east\u0173 65cm, liemuo 72cm, kr\u016btin\u0117 iki 94cm, klubai iki 100cm<\/p>\n","protected":false},"featured_media":8575,"template":"","meta":{"om_disable_all_campaigns":false,"_monsterinsights_skip_tracking":false,"_monsterinsights_sitenote_active":false,"_monsterinsights_sitenote_note":"","_monsterinsights_sitenote_category":0},"product_cat":[22],"product_tag":[],"aioseo_notices":[],"jetpack_sharing_enabled":true,"_links":{"self":[{"href":"https:\/\/laviboutique.lt\/index.php\/wp-json\/wp\/v2\/product\/8577"}],"collection":[{"href":"https:\/\/laviboutique.lt\/index.php\/wp-json\/wp\/v2\/product"}],"about":[{"href":"https:\/\/laviboutique.lt\/index.php\/wp-json\/wp\/v2\/types\/product"}],"wp:featuredmedia":[{"embeddable":true,"href":"https:\/\/laviboutique.lt\/index.php\/wp-json\/wp\/v2\/media\/8575"}],"wp:attachment":[{"href":"https:\/\/laviboutique.lt\/index.php\/wp-json\/wp\/v2\/media?parent=8577"}],"wp:term":[{"taxonomy":"product_cat","embeddable":true,"href":"https:\/\/laviboutique.lt\/index.php\/wp-json\/wp\/v2\/product_cat?post=8577"},{"taxonomy":"product_tag","embeddable":true,"href":"https:\/\/laviboutique.lt\/index.php\/wp-json\/wp\/v2\/product_tag?post=8577"}],"curies":[{"name":"wp","href":"https:\/\/api.w.org\/{rel}","templated":true}]}}