{"id":8638,"date":"2024-08-20T00:49:47","date_gmt":"2024-08-19T21:49:47","guid":{"rendered":"https:\/\/laviboutique.lt\/?post_type=product&#038;p=8638"},"modified":"2026-04-07T13:23:48","modified_gmt":"2026-04-07T10:23:48","slug":"balta-suknele-orhid","status":"publish","type":"product","link":"https:\/\/laviboutique.lt\/index.php\/produktas\/balta-suknele-orhid\/","title":{"rendered":"Balta suknel\u0117 \u201cOrhid\u201d"},"content":{"rendered":"<p>I\u0161matavimai:<\/p>\n<p>S dydis: ilgis 92cm, liemuo 72cm, kr\u016btin\u0117 88cm, klubai iki 100cm<\/p>\n<p>M dydis: ilgis 92cm, liemuo 76cm, kr\u016btine 94cm, klubai iki 100cm<\/p>\n","protected":false},"excerpt":{"rendered":"<p>I\u0161matavimai: S dydis: ilgis 92cm, liemuo 72cm, kr\u016btin\u0117 88cm, klubai iki 100cm M dydis: ilgis 92cm, liemuo 76cm, kr\u016btine 94cm, klubai iki 100cm<\/p>\n","protected":false},"featured_media":8637,"template":"","meta":{"om_disable_all_campaigns":false,"_monsterinsights_skip_tracking":false,"_monsterinsights_sitenote_active":false,"_monsterinsights_sitenote_note":"","_monsterinsights_sitenote_category":0},"product_cat":[22],"product_tag":[],"aioseo_notices":[],"jetpack_sharing_enabled":true,"_links":{"self":[{"href":"https:\/\/laviboutique.lt\/index.php\/wp-json\/wp\/v2\/product\/8638"}],"collection":[{"href":"https:\/\/laviboutique.lt\/index.php\/wp-json\/wp\/v2\/product"}],"about":[{"href":"https:\/\/laviboutique.lt\/index.php\/wp-json\/wp\/v2\/types\/product"}],"wp:featuredmedia":[{"embeddable":true,"href":"https:\/\/laviboutique.lt\/index.php\/wp-json\/wp\/v2\/media\/8637"}],"wp:attachment":[{"href":"https:\/\/laviboutique.lt\/index.php\/wp-json\/wp\/v2\/media?parent=8638"}],"wp:term":[{"taxonomy":"product_cat","embeddable":true,"href":"https:\/\/laviboutique.lt\/index.php\/wp-json\/wp\/v2\/product_cat?post=8638"},{"taxonomy":"product_tag","embeddable":true,"href":"https:\/\/laviboutique.lt\/index.php\/wp-json\/wp\/v2\/product_tag?post=8638"}],"curies":[{"name":"wp","href":"https:\/\/api.w.org\/{rel}","templated":true}]}}