{"id":8643,"date":"2024-08-20T14:54:33","date_gmt":"2024-08-20T11:54:33","guid":{"rendered":"https:\/\/laviboutique.lt\/index.php\/produktas\/armani-silko-imitacijos-rausva-suknele\/"},"modified":"2025-10-06T13:18:31","modified_gmt":"2025-10-06T10:18:31","slug":"armani-silko-imitacijos-rausva-suknele","status":"publish","type":"product","link":"https:\/\/laviboutique.lt\/index.php\/produktas\/armani-silko-imitacijos-rausva-suknele\/","title":{"rendered":"Armani \u0161ilko imitacijos rausva suknel\u0117"},"content":{"rendered":"<p>Suknel\u0117s ilgis 90cm<\/p>\n<p>Susiau\u010diama, dyd\u017eiams xs\/m<\/p>\n","protected":false},"excerpt":{"rendered":"<p>Suknel\u0117s ilgis 90cm Susiau\u010diama, dyd\u017eiams xs\/m<\/p>\n","protected":false},"featured_media":8642,"template":"","meta":{"om_disable_all_campaigns":false,"_monsterinsights_skip_tracking":false,"_monsterinsights_sitenote_active":false,"_monsterinsights_sitenote_note":"","_monsterinsights_sitenote_category":0},"product_cat":[22],"product_tag":[],"aioseo_notices":[],"jetpack_sharing_enabled":true,"_links":{"self":[{"href":"https:\/\/laviboutique.lt\/index.php\/wp-json\/wp\/v2\/product\/8643"}],"collection":[{"href":"https:\/\/laviboutique.lt\/index.php\/wp-json\/wp\/v2\/product"}],"about":[{"href":"https:\/\/laviboutique.lt\/index.php\/wp-json\/wp\/v2\/types\/product"}],"wp:featuredmedia":[{"embeddable":true,"href":"https:\/\/laviboutique.lt\/index.php\/wp-json\/wp\/v2\/media\/8642"}],"wp:attachment":[{"href":"https:\/\/laviboutique.lt\/index.php\/wp-json\/wp\/v2\/media?parent=8643"}],"wp:term":[{"taxonomy":"product_cat","embeddable":true,"href":"https:\/\/laviboutique.lt\/index.php\/wp-json\/wp\/v2\/product_cat?post=8643"},{"taxonomy":"product_tag","embeddable":true,"href":"https:\/\/laviboutique.lt\/index.php\/wp-json\/wp\/v2\/product_tag?post=8643"}],"curies":[{"name":"wp","href":"https:\/\/api.w.org\/{rel}","templated":true}]}}