{"id":8726,"date":"2024-09-04T22:11:16","date_gmt":"2024-09-04T19:11:16","guid":{"rendered":"https:\/\/laviboutique.lt\/index.php\/produktas\/medvilniniai-marskineliai-su-vysniomis\/"},"modified":"2026-03-16T10:50:40","modified_gmt":"2026-03-16T08:50:40","slug":"medvilniniai-marskineliai-su-vysniomis","status":"publish","type":"product","link":"https:\/\/laviboutique.lt\/index.php\/produktas\/medvilniniai-marskineliai-su-vysniomis\/","title":{"rendered":"Medvilniniai mar\u0161kin\u0117liai su vy\u0161niomis"},"content":{"rendered":"","protected":false},"excerpt":{"rendered":"<p><span style=\"font-family: Inter;font-size: 14px;font-style: normal;font-weight: 400;letter-spacing: normal;text-align: start;text-indent: 0px;text-transform: none;text-decoration: none;float: none\">I\u0160PARDAVIMO PREK\u0116S N\u0116RA GR\u0104\u017dINAMOS!! <\/span><\/p>\n<p><span style=\"font-family: Inter;font-size: 14px;font-style: normal;font-weight: 400;letter-spacing: normal;text-align: start;text-indent: 0px;text-transform: none;text-decoration: none;float: none\">Sud\u0117tis: 95% medviln\u0117, 5% elastanas<\/span><\/p>\n","protected":false},"featured_media":8724,"template":"","meta":{"om_disable_all_campaigns":false,"_monsterinsights_skip_tracking":false,"_monsterinsights_sitenote_active":false,"_monsterinsights_sitenote_note":"","_monsterinsights_sitenote_category":0},"product_cat":[99,37],"product_tag":[],"aioseo_notices":[],"jetpack_sharing_enabled":true,"_links":{"self":[{"href":"https:\/\/laviboutique.lt\/index.php\/wp-json\/wp\/v2\/product\/8726"}],"collection":[{"href":"https:\/\/laviboutique.lt\/index.php\/wp-json\/wp\/v2\/product"}],"about":[{"href":"https:\/\/laviboutique.lt\/index.php\/wp-json\/wp\/v2\/types\/product"}],"wp:featuredmedia":[{"embeddable":true,"href":"https:\/\/laviboutique.lt\/index.php\/wp-json\/wp\/v2\/media\/8724"}],"wp:attachment":[{"href":"https:\/\/laviboutique.lt\/index.php\/wp-json\/wp\/v2\/media?parent=8726"}],"wp:term":[{"taxonomy":"product_cat","embeddable":true,"href":"https:\/\/laviboutique.lt\/index.php\/wp-json\/wp\/v2\/product_cat?post=8726"},{"taxonomy":"product_tag","embeddable":true,"href":"https:\/\/laviboutique.lt\/index.php\/wp-json\/wp\/v2\/product_tag?post=8726"}],"curies":[{"name":"wp","href":"https:\/\/api.w.org\/{rel}","templated":true}]}}