{"id":8978,"date":"2024-10-22T11:08:31","date_gmt":"2024-10-22T08:08:31","guid":{"rendered":"https:\/\/laviboutique.lt\/index.php\/produktas\/juoda-veliurine-suknele\/"},"modified":"2025-12-15T12:41:08","modified_gmt":"2025-12-15T10:41:08","slug":"juoda-veliurine-suknele","status":"publish","type":"product","link":"https:\/\/laviboutique.lt\/index.php\/produktas\/juoda-veliurine-suknele\/","title":{"rendered":"Juoda veli\u016brin\u0117 suknel\u0117"},"content":{"rendered":"<p>I\u0161matavimai: ilgis 85cm, kr\u016btin\u0117 iki 92cm, liemuo 72-74cm, klubai iki 98m<\/p>\n","protected":false},"excerpt":{"rendered":"<p>Dydis vienas, modelio \u016bgis 169cm<\/p>\n","protected":false},"featured_media":8976,"template":"","meta":{"om_disable_all_campaigns":false,"_monsterinsights_skip_tracking":false,"_monsterinsights_sitenote_active":false,"_monsterinsights_sitenote_note":"","_monsterinsights_sitenote_category":0},"product_cat":[22],"product_tag":[],"aioseo_notices":[],"jetpack_sharing_enabled":true,"_links":{"self":[{"href":"https:\/\/laviboutique.lt\/index.php\/wp-json\/wp\/v2\/product\/8978"}],"collection":[{"href":"https:\/\/laviboutique.lt\/index.php\/wp-json\/wp\/v2\/product"}],"about":[{"href":"https:\/\/laviboutique.lt\/index.php\/wp-json\/wp\/v2\/types\/product"}],"wp:featuredmedia":[{"embeddable":true,"href":"https:\/\/laviboutique.lt\/index.php\/wp-json\/wp\/v2\/media\/8976"}],"wp:attachment":[{"href":"https:\/\/laviboutique.lt\/index.php\/wp-json\/wp\/v2\/media?parent=8978"}],"wp:term":[{"taxonomy":"product_cat","embeddable":true,"href":"https:\/\/laviboutique.lt\/index.php\/wp-json\/wp\/v2\/product_cat?post=8978"},{"taxonomy":"product_tag","embeddable":true,"href":"https:\/\/laviboutique.lt\/index.php\/wp-json\/wp\/v2\/product_tag?post=8978"}],"curies":[{"name":"wp","href":"https:\/\/api.w.org\/{rel}","templated":true}]}}