{"id":8992,"date":"2024-10-30T16:33:15","date_gmt":"2024-10-30T14:33:15","guid":{"rendered":"https:\/\/laviboutique.lt\/?post_type=product&#038;p=8992"},"modified":"2026-01-12T17:21:32","modified_gmt":"2026-01-12T15:21:32","slug":"melyna-atlasine-suknele-aria","status":"publish","type":"product","link":"https:\/\/laviboutique.lt\/index.php\/produktas\/melyna-atlasine-suknele-aria\/","title":{"rendered":"M\u0117lyna atlasin\u0117 suknel\u0117 \u201cAria\u201d"},"content":{"rendered":"<p>I\u0161matavimai :<\/p>\n<p>S &#8211; ilgis 85cm, po pa\u017eastim 86cm (tinka B\/C\/D) , liemuo 70cm, rankov\u0117s ilgis 66cm<\/p>\n<p>M &#8211; ilgis 85cm, po pa\u017eastim 90cm (tinka B\/C\/D) liemuo 76cm, rankov\u0117s ilgis 66cm<\/p>\n","protected":false},"excerpt":{"rendered":"<p>I\u0161matavimai : S &#8211; ilgis 85cm, po pa\u017eastim 86cm (tinka B\/C\/D) , liemuo 70cm, rankov\u0117s ilgis 66cm M &#8211; ilgis 85cm, po pa\u017eastim 90cm (tinka B\/C\/D) liemuo 76cm, rankov\u0117s ilgis 66cm<\/p>\n","protected":false},"featured_media":8998,"template":"","meta":{"om_disable_all_campaigns":false,"_monsterinsights_skip_tracking":false,"_monsterinsights_sitenote_active":false,"_monsterinsights_sitenote_note":"","_monsterinsights_sitenote_category":0},"product_cat":[22],"product_tag":[],"aioseo_notices":[],"jetpack_sharing_enabled":true,"_links":{"self":[{"href":"https:\/\/laviboutique.lt\/index.php\/wp-json\/wp\/v2\/product\/8992"}],"collection":[{"href":"https:\/\/laviboutique.lt\/index.php\/wp-json\/wp\/v2\/product"}],"about":[{"href":"https:\/\/laviboutique.lt\/index.php\/wp-json\/wp\/v2\/types\/product"}],"wp:featuredmedia":[{"embeddable":true,"href":"https:\/\/laviboutique.lt\/index.php\/wp-json\/wp\/v2\/media\/8998"}],"wp:attachment":[{"href":"https:\/\/laviboutique.lt\/index.php\/wp-json\/wp\/v2\/media?parent=8992"}],"wp:term":[{"taxonomy":"product_cat","embeddable":true,"href":"https:\/\/laviboutique.lt\/index.php\/wp-json\/wp\/v2\/product_cat?post=8992"},{"taxonomy":"product_tag","embeddable":true,"href":"https:\/\/laviboutique.lt\/index.php\/wp-json\/wp\/v2\/product_tag?post=8992"}],"curies":[{"name":"wp","href":"https:\/\/api.w.org\/{rel}","templated":true}]}}