{"id":9157,"date":"2024-11-29T18:43:55","date_gmt":"2024-11-29T16:43:55","guid":{"rendered":"https:\/\/laviboutique.lt\/index.php\/produktas\/pure-royal-955-kvepalai\/"},"modified":"2025-06-18T21:56:39","modified_gmt":"2025-06-18T18:56:39","slug":"pure-royal-955-kvepalai","status":"publish","type":"product","link":"https:\/\/laviboutique.lt\/index.php\/produktas\/pure-royal-955-kvepalai\/","title":{"rendered":"Pure Royal 955 kvepalai"},"content":{"rendered":"<p>Pure Royal 955 \u012fkv\u0117ptas Louis Vuitton Stellar Times<\/p>\n<p><span style=\"font-family: Lato;font-size: 14px;font-style: normal;font-weight: 400;letter-spacing: normal;text-align: start;text-indent: 0px;text-transform: none;text-decoration: none;float: none\">Kvap\u0173 natos: imbieras,\u0161vie\u017eios g\u0117l\u0117s, apelsin\u0173 \u017eiedai, muskusas, gintaras, sausa mediena <\/span><\/p>\n<p>Koncentracija: 20% parfumas<\/p>\n","protected":false},"excerpt":{"rendered":"<p>Pure Royal 955 \u012fkv\u0117ptas Louis Vuitton Stellar Times Kvap\u0173 natos: imbieras,\u0161vie\u017eios g\u0117l\u0117s, apelsin\u0173 \u017eiedai, muskusas, gintaras, sausa mediena Koncentracija: 20% parfumas<\/p>\n","protected":false},"featured_media":9156,"template":"","meta":{"om_disable_all_campaigns":false,"_monsterinsights_skip_tracking":false,"_monsterinsights_sitenote_active":false,"_monsterinsights_sitenote_note":"","_monsterinsights_sitenote_category":0},"product_cat":[128],"product_tag":[],"aioseo_notices":[],"jetpack_sharing_enabled":true,"_links":{"self":[{"href":"https:\/\/laviboutique.lt\/index.php\/wp-json\/wp\/v2\/product\/9157"}],"collection":[{"href":"https:\/\/laviboutique.lt\/index.php\/wp-json\/wp\/v2\/product"}],"about":[{"href":"https:\/\/laviboutique.lt\/index.php\/wp-json\/wp\/v2\/types\/product"}],"wp:featuredmedia":[{"embeddable":true,"href":"https:\/\/laviboutique.lt\/index.php\/wp-json\/wp\/v2\/media\/9156"}],"wp:attachment":[{"href":"https:\/\/laviboutique.lt\/index.php\/wp-json\/wp\/v2\/media?parent=9157"}],"wp:term":[{"taxonomy":"product_cat","embeddable":true,"href":"https:\/\/laviboutique.lt\/index.php\/wp-json\/wp\/v2\/product_cat?post=9157"},{"taxonomy":"product_tag","embeddable":true,"href":"https:\/\/laviboutique.lt\/index.php\/wp-json\/wp\/v2\/product_tag?post=9157"}],"curies":[{"name":"wp","href":"https:\/\/api.w.org\/{rel}","templated":true}]}}