{"id":9365,"date":"2025-02-02T15:34:54","date_gmt":"2025-02-02T13:34:54","guid":{"rendered":"https:\/\/laviboutique.lt\/?post_type=product&#038;p=9365"},"modified":"2026-03-05T13:23:57","modified_gmt":"2026-03-05T11:23:57","slug":"juoda-svarko-imitacijos-suknele","status":"publish","type":"product","link":"https:\/\/laviboutique.lt\/index.php\/produktas\/juoda-svarko-imitacijos-suknele\/","title":{"rendered":"Juoda \u0161varko imitacijos suknel\u0117"},"content":{"rendered":"<p>I\u0161matavimai :<\/p>\n<p>S : ilgis 87cm, pe\u010di\u0173 plotis 43cm, kr\u016btin\u0117 90cm, liemuo 80cm, klubai 90cm, rankov\u0117s ilgis 62cm<\/p>\n<p>M : ilgis 88cm, pe\u010di\u0173 plotis 45cm, kr\u016btin\u0117 100cm, liemuo 88cm, klubai 98cm, rankov\u0117s ilgis 64cm<\/p>\n<p>L : ilgis 89cm, pe\u010di\u0173 plotis 46cm, kr\u016btin\u0117 106cm, liemuo 94cm, klubai 100cm, rankov\u0117s ilgis 85cm<\/p>\n<p>XL : ilgis 90cm, pe\u010di\u0173 plotis 46cm, kr\u016btin\u0117 110cm, liemuo 96cm, klubai 106cm, rankov\u0117s ilgis 65cm<\/p>\n","protected":false},"excerpt":{"rendered":"<p>I\u0161matavimai : S : ilgis 87cm, pe\u010di\u0173 plotis 43cm, kr\u016btin\u0117 90cm, liemuo 80cm, klubai 90cm, rankov\u0117s ilgis 62cm M : ilgis 88cm, pe\u010di\u0173 plotis 45cm, kr\u016btin\u0117 100cm, liemuo 88cm, klubai 98cm, rankov\u0117s ilgis 64cm L : ilgis 89cm, pe\u010di\u0173 plotis 46cm, kr\u016btin\u0117 106cm, liemuo 94cm, klubai 100cm, rankov\u0117s ilgis 85cm XL : ilgis 90cm, pe\u010di\u0173 plotis 46cm, kr\u016btin\u0117 110cm, liemuo 96cm, klubai 106cm, rankov\u0117s ilgis 65cm<\/p>\n","protected":false},"featured_media":9364,"template":"","meta":{"om_disable_all_campaigns":false,"_monsterinsights_skip_tracking":false,"_monsterinsights_sitenote_active":false,"_monsterinsights_sitenote_note":"","_monsterinsights_sitenote_category":0},"product_cat":[22],"product_tag":[],"aioseo_notices":[],"jetpack_sharing_enabled":true,"_links":{"self":[{"href":"https:\/\/laviboutique.lt\/index.php\/wp-json\/wp\/v2\/product\/9365"}],"collection":[{"href":"https:\/\/laviboutique.lt\/index.php\/wp-json\/wp\/v2\/product"}],"about":[{"href":"https:\/\/laviboutique.lt\/index.php\/wp-json\/wp\/v2\/types\/product"}],"wp:featuredmedia":[{"embeddable":true,"href":"https:\/\/laviboutique.lt\/index.php\/wp-json\/wp\/v2\/media\/9364"}],"wp:attachment":[{"href":"https:\/\/laviboutique.lt\/index.php\/wp-json\/wp\/v2\/media?parent=9365"}],"wp:term":[{"taxonomy":"product_cat","embeddable":true,"href":"https:\/\/laviboutique.lt\/index.php\/wp-json\/wp\/v2\/product_cat?post=9365"},{"taxonomy":"product_tag","embeddable":true,"href":"https:\/\/laviboutique.lt\/index.php\/wp-json\/wp\/v2\/product_tag?post=9365"}],"curies":[{"name":"wp","href":"https:\/\/api.w.org\/{rel}","templated":true}]}}