{"id":9373,"date":"2025-02-03T13:15:07","date_gmt":"2025-02-03T11:15:07","guid":{"rendered":"https:\/\/laviboutique.lt\/?post_type=product&#038;p=9373"},"modified":"2025-02-11T12:03:38","modified_gmt":"2025-02-11T10:03:38","slug":"juoda-midi-ilgio-suknele-siera","status":"publish","type":"product","link":"https:\/\/laviboutique.lt\/index.php\/produktas\/juoda-midi-ilgio-suknele-siera\/","title":{"rendered":"Juoda midi ilgio suknel\u0117 \u201cSiera\u201d"},"content":{"rendered":"<p>I\u0161matavimai:<\/p>\n<p>S dydis: ilgis 110cm, liemuo 70cm-72cm, kr\u016btin\u0117 89-92cm, klubai iki 98cm, rankov\u0117 40cm<\/p>\n<p>L dydis: ilgis 114cm, liemuo 80cm, kr\u016btin\u0117 96-98cm, klubai iki 100cm, rankov\u0117 40cm<\/p>\n","protected":false},"excerpt":{"rendered":"<p>I\u0161matavimai: S dydis: ilgis 110cm, liemuo 70cm-72cm, kr\u016btin\u0117 89-92cm, klubai iki 98cm, rankov\u0117 40cm L dydis: ilgis 114cm, liemuo 80cm, kr\u016btin\u0117 96-98cm, klubai iki 100cm, rankov\u0117 40cm<\/p>\n","protected":false},"featured_media":9494,"template":"","meta":{"om_disable_all_campaigns":false,"_monsterinsights_skip_tracking":false,"_monsterinsights_sitenote_active":false,"_monsterinsights_sitenote_note":"","_monsterinsights_sitenote_category":0},"product_cat":[22],"product_tag":[],"aioseo_notices":[],"jetpack_sharing_enabled":true,"_links":{"self":[{"href":"https:\/\/laviboutique.lt\/index.php\/wp-json\/wp\/v2\/product\/9373"}],"collection":[{"href":"https:\/\/laviboutique.lt\/index.php\/wp-json\/wp\/v2\/product"}],"about":[{"href":"https:\/\/laviboutique.lt\/index.php\/wp-json\/wp\/v2\/types\/product"}],"wp:featuredmedia":[{"embeddable":true,"href":"https:\/\/laviboutique.lt\/index.php\/wp-json\/wp\/v2\/media\/9494"}],"wp:attachment":[{"href":"https:\/\/laviboutique.lt\/index.php\/wp-json\/wp\/v2\/media?parent=9373"}],"wp:term":[{"taxonomy":"product_cat","embeddable":true,"href":"https:\/\/laviboutique.lt\/index.php\/wp-json\/wp\/v2\/product_cat?post=9373"},{"taxonomy":"product_tag","embeddable":true,"href":"https:\/\/laviboutique.lt\/index.php\/wp-json\/wp\/v2\/product_tag?post=9373"}],"curies":[{"name":"wp","href":"https:\/\/api.w.org\/{rel}","templated":true}]}}