{"id":9383,"date":"2025-02-03T14:09:50","date_gmt":"2025-02-03T12:09:50","guid":{"rendered":"https:\/\/laviboutique.lt\/?post_type=product&#038;p=9383"},"modified":"2025-05-24T11:57:42","modified_gmt":"2025-05-24T08:57:42","slug":"dvieju-daliu-velvetinis-kostiumelis","status":"publish","type":"product","link":"https:\/\/laviboutique.lt\/index.php\/produktas\/dvieju-daliu-velvetinis-kostiumelis\/","title":{"rendered":"Dviej\u0173 dali\u0173 velvetinis kostium\u0117lis"},"content":{"rendered":"<p>I\u0161matavimai:<\/p>\n<p>S dydis,<\/p>\n<p>\u2022\u0160ortai\/sijonas<\/p>\n<p>\u2022\u0160varkas<\/p>\n<p>M dydis,<\/p>\n<p>\u2022\u0160ortai\/sijonas<\/p>\n<p>\u2022\u0160varkas<\/p>\n","protected":false},"excerpt":{"rendered":"<p>I\u0161matavimai: S dydis, \u2022\u0160ortai\/sijonas \u2022\u0160varkas M dydis, \u2022\u0160ortai\/sijonas \u2022\u0160varkas<\/p>\n","protected":false},"featured_media":9382,"template":"","meta":{"om_disable_all_campaigns":false,"_monsterinsights_skip_tracking":false,"_monsterinsights_sitenote_active":false,"_monsterinsights_sitenote_note":"","_monsterinsights_sitenote_category":0},"product_cat":[23],"product_tag":[],"aioseo_notices":[],"jetpack_sharing_enabled":true,"_links":{"self":[{"href":"https:\/\/laviboutique.lt\/index.php\/wp-json\/wp\/v2\/product\/9383"}],"collection":[{"href":"https:\/\/laviboutique.lt\/index.php\/wp-json\/wp\/v2\/product"}],"about":[{"href":"https:\/\/laviboutique.lt\/index.php\/wp-json\/wp\/v2\/types\/product"}],"wp:featuredmedia":[{"embeddable":true,"href":"https:\/\/laviboutique.lt\/index.php\/wp-json\/wp\/v2\/media\/9382"}],"wp:attachment":[{"href":"https:\/\/laviboutique.lt\/index.php\/wp-json\/wp\/v2\/media?parent=9383"}],"wp:term":[{"taxonomy":"product_cat","embeddable":true,"href":"https:\/\/laviboutique.lt\/index.php\/wp-json\/wp\/v2\/product_cat?post=9383"},{"taxonomy":"product_tag","embeddable":true,"href":"https:\/\/laviboutique.lt\/index.php\/wp-json\/wp\/v2\/product_tag?post=9383"}],"curies":[{"name":"wp","href":"https:\/\/api.w.org\/{rel}","templated":true}]}}