{"id":9404,"date":"2025-02-04T21:20:30","date_gmt":"2025-02-04T19:20:30","guid":{"rendered":"https:\/\/laviboutique.lt\/?post_type=product&#038;p=9404"},"modified":"2026-01-22T15:28:45","modified_gmt":"2026-01-22T13:28:45","slug":"juoda-atlasines-medziagos-suknele-ruby","status":"publish","type":"product","link":"https:\/\/laviboutique.lt\/index.php\/produktas\/juoda-atlasines-medziagos-suknele-ruby\/","title":{"rendered":"Juoda atlasin\u0117s med\u017eiagos suknel\u0117 \u201cRuby\u201d"},"content":{"rendered":"<p>I\u0161matavimai:<\/p>\n<p>S dydis &#8211; Ilgis i\u0161 priekio ~143cm\/ i\u0161 galo ~150cm \u0161leifas, liemuo 70-72cm, kr\u016btin\u0117 90-92cm, klubai 90-92cm<\/p>\n","protected":false},"excerpt":{"rendered":"<p>I\u0161matavimai: S dydis &#8211; Ilgis i\u0161 priekio ~143cm\/ i\u0161 galo ~150cm \u0161leifas, liemuo 70-72cm, kr\u016btin\u0117 90-92cm, klubai 90-92cm<\/p>\n","protected":false},"featured_media":9403,"template":"","meta":{"om_disable_all_campaigns":false,"_monsterinsights_skip_tracking":false,"_monsterinsights_sitenote_active":false,"_monsterinsights_sitenote_note":"","_monsterinsights_sitenote_category":0},"product_cat":[22],"product_tag":[],"aioseo_notices":[],"jetpack_sharing_enabled":true,"_links":{"self":[{"href":"https:\/\/laviboutique.lt\/index.php\/wp-json\/wp\/v2\/product\/9404"}],"collection":[{"href":"https:\/\/laviboutique.lt\/index.php\/wp-json\/wp\/v2\/product"}],"about":[{"href":"https:\/\/laviboutique.lt\/index.php\/wp-json\/wp\/v2\/types\/product"}],"wp:featuredmedia":[{"embeddable":true,"href":"https:\/\/laviboutique.lt\/index.php\/wp-json\/wp\/v2\/media\/9403"}],"wp:attachment":[{"href":"https:\/\/laviboutique.lt\/index.php\/wp-json\/wp\/v2\/media?parent=9404"}],"wp:term":[{"taxonomy":"product_cat","embeddable":true,"href":"https:\/\/laviboutique.lt\/index.php\/wp-json\/wp\/v2\/product_cat?post=9404"},{"taxonomy":"product_tag","embeddable":true,"href":"https:\/\/laviboutique.lt\/index.php\/wp-json\/wp\/v2\/product_tag?post=9404"}],"curies":[{"name":"wp","href":"https:\/\/api.w.org\/{rel}","templated":true}]}}