{"id":9513,"date":"2025-02-11T13:43:45","date_gmt":"2025-02-11T11:43:45","guid":{"rendered":"https:\/\/laviboutique.lt\/?post_type=product&#038;p=9513"},"modified":"2025-05-12T20:46:50","modified_gmt":"2025-05-12T17:46:50","slug":"juoda-suknele-leone","status":"publish","type":"product","link":"https:\/\/laviboutique.lt\/index.php\/produktas\/juoda-suknele-leone\/","title":{"rendered":"Juoda suknel\u0117 \u201cLeone\u201d"},"content":{"rendered":"<p>I\u0161matavimai :<\/p>\n<p>S dydis : ilgis 113cm, liemuo 74-76cm, kr\u016btin\u0117 90cm, klubai 98cm, rankov\u0117s ilgis 65cm<\/p>\n","protected":false},"excerpt":{"rendered":"<p>I\u0161matavimai : S dydis : ilgis 113cm, liemuo 74-76cm, kr\u016btin\u0117 90cm, klubai 98cm, rankov\u0117s ilgis 65cm<\/p>\n","protected":false},"featured_media":9516,"template":"","meta":{"om_disable_all_campaigns":false,"_monsterinsights_skip_tracking":false,"_monsterinsights_sitenote_active":false,"_monsterinsights_sitenote_note":"","_monsterinsights_sitenote_category":0},"product_cat":[22],"product_tag":[],"aioseo_notices":[],"jetpack_sharing_enabled":true,"_links":{"self":[{"href":"https:\/\/laviboutique.lt\/index.php\/wp-json\/wp\/v2\/product\/9513"}],"collection":[{"href":"https:\/\/laviboutique.lt\/index.php\/wp-json\/wp\/v2\/product"}],"about":[{"href":"https:\/\/laviboutique.lt\/index.php\/wp-json\/wp\/v2\/types\/product"}],"wp:featuredmedia":[{"embeddable":true,"href":"https:\/\/laviboutique.lt\/index.php\/wp-json\/wp\/v2\/media\/9516"}],"wp:attachment":[{"href":"https:\/\/laviboutique.lt\/index.php\/wp-json\/wp\/v2\/media?parent=9513"}],"wp:term":[{"taxonomy":"product_cat","embeddable":true,"href":"https:\/\/laviboutique.lt\/index.php\/wp-json\/wp\/v2\/product_cat?post=9513"},{"taxonomy":"product_tag","embeddable":true,"href":"https:\/\/laviboutique.lt\/index.php\/wp-json\/wp\/v2\/product_tag?post=9513"}],"curies":[{"name":"wp","href":"https:\/\/api.w.org\/{rel}","templated":true}]}}