{"id":9532,"date":"2025-02-15T15:56:11","date_gmt":"2025-02-15T13:56:11","guid":{"rendered":"https:\/\/laviboutique.lt\/?post_type=product&#038;p=9532"},"modified":"2025-05-26T16:49:11","modified_gmt":"2025-05-26T13:49:11","slug":"kreminis-svarkas-crop-style","status":"publish","type":"product","link":"https:\/\/laviboutique.lt\/index.php\/produktas\/kreminis-svarkas-crop-style\/","title":{"rendered":"Kreminis \u0161varkas \u201cCrop style\u201d"},"content":{"rendered":"<p>M : ilgis 42cm, kr\u016btin\u0117 iki 98cm, liemuo iki 90cm, rankov\u0117s ilgis 64cm<\/p>\n<p>L : ilgis 43cm, kr\u016btin\u0117 iki 100cm, liemuo 90cm, rankov\u0117s ilgis 64cm<\/p>\n<p>XL : ilgis 44cm, kr\u016btin\u0117 iki 102cm, liemuo 92cm, rankov\u0117s ilgis 64cm<\/p>\n","protected":false},"excerpt":{"rendered":"<p>M : ilgis 42cm, kr\u016btin\u0117 iki 98cm, liemuo iki 90cm, rankov\u0117s ilgis 64cm L : ilgis 43cm, kr\u016btin\u0117 iki 100cm, liemuo 90cm, rankov\u0117s ilgis 64cm XL : ilgis 44cm, kr\u016btin\u0117 iki 102cm, liemuo 92cm, rankov\u0117s ilgis 64cm<\/p>\n","protected":false},"featured_media":9531,"template":"","meta":{"om_disable_all_campaigns":false,"_monsterinsights_skip_tracking":false,"_monsterinsights_sitenote_active":false,"_monsterinsights_sitenote_note":"","_monsterinsights_sitenote_category":0},"product_cat":[28],"product_tag":[],"aioseo_notices":[],"jetpack_sharing_enabled":true,"_links":{"self":[{"href":"https:\/\/laviboutique.lt\/index.php\/wp-json\/wp\/v2\/product\/9532"}],"collection":[{"href":"https:\/\/laviboutique.lt\/index.php\/wp-json\/wp\/v2\/product"}],"about":[{"href":"https:\/\/laviboutique.lt\/index.php\/wp-json\/wp\/v2\/types\/product"}],"wp:featuredmedia":[{"embeddable":true,"href":"https:\/\/laviboutique.lt\/index.php\/wp-json\/wp\/v2\/media\/9531"}],"wp:attachment":[{"href":"https:\/\/laviboutique.lt\/index.php\/wp-json\/wp\/v2\/media?parent=9532"}],"wp:term":[{"taxonomy":"product_cat","embeddable":true,"href":"https:\/\/laviboutique.lt\/index.php\/wp-json\/wp\/v2\/product_cat?post=9532"},{"taxonomy":"product_tag","embeddable":true,"href":"https:\/\/laviboutique.lt\/index.php\/wp-json\/wp\/v2\/product_tag?post=9532"}],"curies":[{"name":"wp","href":"https:\/\/api.w.org\/{rel}","templated":true}]}}