{"id":9626,"date":"2025-02-18T23:46:12","date_gmt":"2025-02-18T21:46:12","guid":{"rendered":"https:\/\/laviboutique.lt\/?post_type=product&#038;p=9626"},"modified":"2026-04-01T13:23:59","modified_gmt":"2026-04-01T10:23:59","slug":"raudona-suknele-nora","status":"publish","type":"product","link":"https:\/\/laviboutique.lt\/index.php\/produktas\/raudona-suknele-nora\/","title":{"rendered":"Raudona suknel\u0117 \u201cNora\u201d"},"content":{"rendered":"<p>I\u0161matavimai :<\/p>\n<p>S dydis &#8211; ilgis 79cm, kr\u016btin\u0117 84cm (B\/C dyd\u017eiams), liemuo 68-70cm, klubai iki 98cm, rankov\u0117s ilgis 65cm<\/p>\n<p>M dydis &#8211; ilgis 80cm, kr\u016btin\u0117 86cm (B\/C dyd\u017eiams), liemuo 74-76cm, klubai iki 100cm, rankov\u0117s ilgis 65cm<\/p>\n","protected":false},"excerpt":{"rendered":"<p>I\u0161matavimai : S dydis &#8211; ilgis 79cm, kr\u016btin\u0117 84cm (B\/C dyd\u017eiams), liemuo 68-70cm, klubai iki 98cm, rankov\u0117s ilgis 65cm M dydis &#8211; ilgis 80cm, kr\u016btin\u0117 86cm (B\/C dyd\u017eiams), liemuo 74-76cm, klubai iki 100cm, rankov\u0117s ilgis 65cm<\/p>\n","protected":false},"featured_media":9623,"template":"","meta":{"om_disable_all_campaigns":false,"_monsterinsights_skip_tracking":false,"_monsterinsights_sitenote_active":false,"_monsterinsights_sitenote_note":"","_monsterinsights_sitenote_category":0},"product_cat":[22],"product_tag":[],"aioseo_notices":[],"jetpack_sharing_enabled":true,"_links":{"self":[{"href":"https:\/\/laviboutique.lt\/index.php\/wp-json\/wp\/v2\/product\/9626"}],"collection":[{"href":"https:\/\/laviboutique.lt\/index.php\/wp-json\/wp\/v2\/product"}],"about":[{"href":"https:\/\/laviboutique.lt\/index.php\/wp-json\/wp\/v2\/types\/product"}],"wp:featuredmedia":[{"embeddable":true,"href":"https:\/\/laviboutique.lt\/index.php\/wp-json\/wp\/v2\/media\/9623"}],"wp:attachment":[{"href":"https:\/\/laviboutique.lt\/index.php\/wp-json\/wp\/v2\/media?parent=9626"}],"wp:term":[{"taxonomy":"product_cat","embeddable":true,"href":"https:\/\/laviboutique.lt\/index.php\/wp-json\/wp\/v2\/product_cat?post=9626"},{"taxonomy":"product_tag","embeddable":true,"href":"https:\/\/laviboutique.lt\/index.php\/wp-json\/wp\/v2\/product_tag?post=9626"}],"curies":[{"name":"wp","href":"https:\/\/api.w.org\/{rel}","templated":true}]}}