{"id":9706,"date":"2025-02-22T17:28:52","date_gmt":"2025-02-22T15:28:52","guid":{"rendered":"https:\/\/laviboutique.lt\/?post_type=product&#038;p=9706"},"modified":"2025-09-08T11:33:54","modified_gmt":"2025-09-08T08:33:54","slug":"balta-atlasine-suknele-ariel","status":"publish","type":"product","link":"https:\/\/laviboutique.lt\/index.php\/produktas\/balta-atlasine-suknele-ariel\/","title":{"rendered":"Balta atlasine suknele \u201cAriel\u201d"},"content":{"rendered":"<p>I\u0161matavimai :<\/p>\n<p>S dydis : ilgis nuo pa\u017easties 62cm, kr\u016btin\u0117 85-89cm, liemuo 66-68cm, klubai iki 98cm<\/p>\n<p>M dydis : ilgis nuo pa\u017easties 62cm, kr\u016btin\u0117 90-92cm , liemuo 72cm, klubai iki 100cm<\/p>\n","protected":false},"excerpt":{"rendered":"<p>I\u0161matavimai : S dydis : ilgis nuo pa\u017easties 62cm, kr\u016btin\u0117 85-89cm, liemuo 66-68cm, klubai iki 98cm M dydis : ilgis nuo pa\u017easties 62cm, kr\u016btin\u0117 90-92cm , liemuo 72cm, klubai iki 100cm<\/p>\n","protected":false},"featured_media":9705,"template":"","meta":{"om_disable_all_campaigns":false,"_monsterinsights_skip_tracking":false,"_monsterinsights_sitenote_active":false,"_monsterinsights_sitenote_note":"","_monsterinsights_sitenote_category":0},"product_cat":[22],"product_tag":[],"aioseo_notices":[],"jetpack_sharing_enabled":true,"_links":{"self":[{"href":"https:\/\/laviboutique.lt\/index.php\/wp-json\/wp\/v2\/product\/9706"}],"collection":[{"href":"https:\/\/laviboutique.lt\/index.php\/wp-json\/wp\/v2\/product"}],"about":[{"href":"https:\/\/laviboutique.lt\/index.php\/wp-json\/wp\/v2\/types\/product"}],"wp:featuredmedia":[{"embeddable":true,"href":"https:\/\/laviboutique.lt\/index.php\/wp-json\/wp\/v2\/media\/9705"}],"wp:attachment":[{"href":"https:\/\/laviboutique.lt\/index.php\/wp-json\/wp\/v2\/media?parent=9706"}],"wp:term":[{"taxonomy":"product_cat","embeddable":true,"href":"https:\/\/laviboutique.lt\/index.php\/wp-json\/wp\/v2\/product_cat?post=9706"},{"taxonomy":"product_tag","embeddable":true,"href":"https:\/\/laviboutique.lt\/index.php\/wp-json\/wp\/v2\/product_tag?post=9706"}],"curies":[{"name":"wp","href":"https:\/\/api.w.org\/{rel}","templated":true}]}}