{"id":9713,"date":"2025-02-23T12:42:53","date_gmt":"2025-02-23T10:42:53","guid":{"rendered":"https:\/\/laviboutique.lt\/?post_type=product&#038;p=9713"},"modified":"2025-03-29T11:57:52","modified_gmt":"2025-03-29T09:57:52","slug":"dvieju-daliu-kostiumelis-luna","status":"publish","type":"product","link":"https:\/\/laviboutique.lt\/index.php\/produktas\/dvieju-daliu-kostiumelis-luna\/","title":{"rendered":"Dviej\u0173 dali\u0173 kostium\u0117lis \u201cLuna\u201d"},"content":{"rendered":"<p>I\u0161matavimai :<\/p>\n<p>S\/M:<\/p>\n<p>Liemen\u0117 &#8211; ilgis 43cm, kr\u016btin\u0117 92cm, liemuo 82cm<\/p>\n<p>Keln\u0117s &#8211; liemuo 72cm iki 76cm (guma), ilgis 107cm, klubai iki 105cm<\/p>\n<p>M\/L:<\/p>\n<p>Liemen\u0117 &#8211; ilgis 43cm, kr\u016btin\u0117 96cm, liemuo 88cm<\/p>\n<p>Keln\u0117s &#8211; liemuo 76cm iki 82cm (guma), ilgis 107cm, klubai iki 110cm<\/p>\n","protected":false},"excerpt":{"rendered":"<p>I\u0161matavimai : S\/M: Liemen\u0117 &#8211; ilgis 43cm, kr\u016btin\u0117 92cm, liemuo 82cm Keln\u0117s &#8211; liemuo 72cm iki 76cm (guma), ilgis 107cm, klubai iki 105cm M\/L: Liemen\u0117 &#8211; ilgis 43cm, kr\u016btin\u0117 96cm, liemuo 88cm Keln\u0117s &#8211; liemuo 76cm iki 82cm (guma), ilgis 107cm, klubai iki 110cm<\/p>\n","protected":false},"featured_media":9712,"template":"","meta":{"om_disable_all_campaigns":false,"_monsterinsights_skip_tracking":false,"_monsterinsights_sitenote_active":false,"_monsterinsights_sitenote_note":"","_monsterinsights_sitenote_category":0},"product_cat":[23],"product_tag":[],"aioseo_notices":[],"jetpack_sharing_enabled":true,"_links":{"self":[{"href":"https:\/\/laviboutique.lt\/index.php\/wp-json\/wp\/v2\/product\/9713"}],"collection":[{"href":"https:\/\/laviboutique.lt\/index.php\/wp-json\/wp\/v2\/product"}],"about":[{"href":"https:\/\/laviboutique.lt\/index.php\/wp-json\/wp\/v2\/types\/product"}],"wp:featuredmedia":[{"embeddable":true,"href":"https:\/\/laviboutique.lt\/index.php\/wp-json\/wp\/v2\/media\/9712"}],"wp:attachment":[{"href":"https:\/\/laviboutique.lt\/index.php\/wp-json\/wp\/v2\/media?parent=9713"}],"wp:term":[{"taxonomy":"product_cat","embeddable":true,"href":"https:\/\/laviboutique.lt\/index.php\/wp-json\/wp\/v2\/product_cat?post=9713"},{"taxonomy":"product_tag","embeddable":true,"href":"https:\/\/laviboutique.lt\/index.php\/wp-json\/wp\/v2\/product_tag?post=9713"}],"curies":[{"name":"wp","href":"https:\/\/api.w.org\/{rel}","templated":true}]}}