{"id":9720,"date":"2025-02-24T20:30:05","date_gmt":"2025-02-24T18:30:05","guid":{"rendered":"https:\/\/laviboutique.lt\/?post_type=product&#038;p=9720"},"modified":"2025-09-11T19:13:46","modified_gmt":"2025-09-11T16:13:46","slug":"zalia-atlasine-suknele-ariel","status":"publish","type":"product","link":"https:\/\/laviboutique.lt\/index.php\/produktas\/zalia-atlasine-suknele-ariel\/","title":{"rendered":"\u017dalia atlasin\u0117 suknel\u0117 \u201cAriel\u201d"},"content":{"rendered":"<p>I\u0161matavimai:<\/p>\n<p>S dydis: ilgis nuo pa\u017easties 62cm, kr\u016btin\u0117 85-89cm, liemuo 66-68cm, klubai iki 98cm<\/p>\n<p>M dydis : ilgis 67cm, liemuo 76cm, kr\u016btin\u0117 92-94cm, klubai iki 100cm<\/p>\n","protected":false},"excerpt":{"rendered":"<p>I\u0161matavimai: S dydis: ilgis nuo pa\u017easties 62cm, kr\u016btin\u0117 85-89cm, liemuo 66-68cm, klubai iki 98cm M dydis : ilgis 67cm, liemuo 76cm, kr\u016btin\u0117 92-94cm, klubai iki 100cm<\/p>\n","protected":false},"featured_media":9737,"template":"","meta":{"om_disable_all_campaigns":false,"_monsterinsights_skip_tracking":false,"_monsterinsights_sitenote_active":false,"_monsterinsights_sitenote_note":"","_monsterinsights_sitenote_category":0},"product_cat":[22],"product_tag":[],"aioseo_notices":[],"jetpack_sharing_enabled":true,"_links":{"self":[{"href":"https:\/\/laviboutique.lt\/index.php\/wp-json\/wp\/v2\/product\/9720"}],"collection":[{"href":"https:\/\/laviboutique.lt\/index.php\/wp-json\/wp\/v2\/product"}],"about":[{"href":"https:\/\/laviboutique.lt\/index.php\/wp-json\/wp\/v2\/types\/product"}],"wp:featuredmedia":[{"embeddable":true,"href":"https:\/\/laviboutique.lt\/index.php\/wp-json\/wp\/v2\/media\/9737"}],"wp:attachment":[{"href":"https:\/\/laviboutique.lt\/index.php\/wp-json\/wp\/v2\/media?parent=9720"}],"wp:term":[{"taxonomy":"product_cat","embeddable":true,"href":"https:\/\/laviboutique.lt\/index.php\/wp-json\/wp\/v2\/product_cat?post=9720"},{"taxonomy":"product_tag","embeddable":true,"href":"https:\/\/laviboutique.lt\/index.php\/wp-json\/wp\/v2\/product_tag?post=9720"}],"curies":[{"name":"wp","href":"https:\/\/api.w.org\/{rel}","templated":true}]}}