{"id":9729,"date":"2025-02-27T08:49:39","date_gmt":"2025-02-27T06:49:39","guid":{"rendered":"https:\/\/laviboutique.lt\/index.php\/produktas\/chaki-spalvos-suknele-lisa\/"},"modified":"2025-02-27T08:49:42","modified_gmt":"2025-02-27T06:49:42","slug":"chaki-spalvos-suknele-lisa","status":"publish","type":"product","link":"https:\/\/laviboutique.lt\/index.php\/produktas\/chaki-spalvos-suknele-lisa\/","title":{"rendered":"Chaki spalvos suknel\u0117 \u201cLisa\u201d"},"content":{"rendered":"<p>Suknel\u0117s dydis M, ta\u010diau minimaliai ma\u017einta. Modelis yra XS\/S dyd\u017eio, 167cm \u016bgio, d\u0117vi M dydi<\/p>\n<p>I\u0161matavimai:<\/p>\n","protected":false},"excerpt":{"rendered":"<p>Suknel\u0117s dydis M, ta\u010diau minimaliai ma\u017einta. Modelis yra XS\/S dyd\u017eio, 167cm \u016bgio, d\u0117vi M dydi I\u0161matavimai:<\/p>\n","protected":false},"featured_media":9728,"template":"","meta":{"om_disable_all_campaigns":false,"_monsterinsights_skip_tracking":false,"_monsterinsights_sitenote_active":false,"_monsterinsights_sitenote_note":"","_monsterinsights_sitenote_category":0},"product_cat":[22],"product_tag":[],"aioseo_notices":[],"jetpack_sharing_enabled":true,"_links":{"self":[{"href":"https:\/\/laviboutique.lt\/index.php\/wp-json\/wp\/v2\/product\/9729"}],"collection":[{"href":"https:\/\/laviboutique.lt\/index.php\/wp-json\/wp\/v2\/product"}],"about":[{"href":"https:\/\/laviboutique.lt\/index.php\/wp-json\/wp\/v2\/types\/product"}],"wp:featuredmedia":[{"embeddable":true,"href":"https:\/\/laviboutique.lt\/index.php\/wp-json\/wp\/v2\/media\/9728"}],"wp:attachment":[{"href":"https:\/\/laviboutique.lt\/index.php\/wp-json\/wp\/v2\/media?parent=9729"}],"wp:term":[{"taxonomy":"product_cat","embeddable":true,"href":"https:\/\/laviboutique.lt\/index.php\/wp-json\/wp\/v2\/product_cat?post=9729"},{"taxonomy":"product_tag","embeddable":true,"href":"https:\/\/laviboutique.lt\/index.php\/wp-json\/wp\/v2\/product_tag?post=9729"}],"curies":[{"name":"wp","href":"https:\/\/api.w.org\/{rel}","templated":true}]}}