{"id":9742,"date":"2025-02-27T18:24:16","date_gmt":"2025-02-27T16:24:16","guid":{"rendered":"https:\/\/laviboutique.lt\/?post_type=product&#038;p=9742"},"modified":"2026-03-20T14:00:39","modified_gmt":"2026-03-20T12:00:39","slug":"balta-silko-imitacijos-suknele-blum","status":"publish","type":"product","link":"https:\/\/laviboutique.lt\/index.php\/produktas\/balta-silko-imitacijos-suknele-blum\/","title":{"rendered":"Balta \u0161ilko imitacijos suknel\u0117 \u201cBlum\u201d"},"content":{"rendered":"<p>I\u0161matavimai :<\/p>\n<p>S: liemuo 72cm, klubai iki 98cm, kr\u016btin\u0117 86-88cm, ilgis nuo pa\u017easties 64cm<\/p>\n<p>M: liemuo 74cm, klubai iki kr\u016btin\u0117 92-94cm , ilgis nuo pa\u017easties 66cm<\/p>\n","protected":false},"excerpt":{"rendered":"<p>I\u0161matavimai : S: liemuo 72cm, klubai iki 98cm, kr\u016btin\u0117 86-88cm, ilgis nuo pa\u017easties 64cm M: liemuo 74cm, klubai iki kr\u016btin\u0117 92-94cm , ilgis nuo pa\u017easties 66cm<\/p>\n","protected":false},"featured_media":9741,"template":"","meta":{"om_disable_all_campaigns":false,"_monsterinsights_skip_tracking":false,"_monsterinsights_sitenote_active":false,"_monsterinsights_sitenote_note":"","_monsterinsights_sitenote_category":0},"product_cat":[22],"product_tag":[],"aioseo_notices":[],"jetpack_sharing_enabled":true,"_links":{"self":[{"href":"https:\/\/laviboutique.lt\/index.php\/wp-json\/wp\/v2\/product\/9742"}],"collection":[{"href":"https:\/\/laviboutique.lt\/index.php\/wp-json\/wp\/v2\/product"}],"about":[{"href":"https:\/\/laviboutique.lt\/index.php\/wp-json\/wp\/v2\/types\/product"}],"wp:featuredmedia":[{"embeddable":true,"href":"https:\/\/laviboutique.lt\/index.php\/wp-json\/wp\/v2\/media\/9741"}],"wp:attachment":[{"href":"https:\/\/laviboutique.lt\/index.php\/wp-json\/wp\/v2\/media?parent=9742"}],"wp:term":[{"taxonomy":"product_cat","embeddable":true,"href":"https:\/\/laviboutique.lt\/index.php\/wp-json\/wp\/v2\/product_cat?post=9742"},{"taxonomy":"product_tag","embeddable":true,"href":"https:\/\/laviboutique.lt\/index.php\/wp-json\/wp\/v2\/product_tag?post=9742"}],"curies":[{"name":"wp","href":"https:\/\/api.w.org\/{rel}","templated":true}]}}