{"id":9750,"date":"2025-02-27T18:28:52","date_gmt":"2025-02-27T16:28:52","guid":{"rendered":"https:\/\/laviboutique.lt\/index.php\/produktas\/silko-imitacijos-suknele-choko\/"},"modified":"2026-01-30T16:59:24","modified_gmt":"2026-01-30T14:59:24","slug":"silko-imitacijos-suknele-choko","status":"publish","type":"product","link":"https:\/\/laviboutique.lt\/index.php\/produktas\/silko-imitacijos-suknele-choko\/","title":{"rendered":"\u0160ilko imitacijos suknel\u0117 \u201cChoko\u201d"},"content":{"rendered":"<p>Suknel\u0117 universalaus dyd\u017eio, susiau\u010diama, tinka nuo XS iki M dyd\u017eio. Ilgis 92cm<\/p>\n","protected":false},"excerpt":{"rendered":"<p>Modelio \u016bgis 169cm, ne\u0161iojam\u0173 r\u016bb\u0173 dydis XS<\/p>\n","protected":false},"featured_media":9755,"template":"","meta":{"om_disable_all_campaigns":false,"_monsterinsights_skip_tracking":false,"_monsterinsights_sitenote_active":false,"_monsterinsights_sitenote_note":"","_monsterinsights_sitenote_category":0},"product_cat":[22],"product_tag":[],"aioseo_notices":[],"jetpack_sharing_enabled":true,"_links":{"self":[{"href":"https:\/\/laviboutique.lt\/index.php\/wp-json\/wp\/v2\/product\/9750"}],"collection":[{"href":"https:\/\/laviboutique.lt\/index.php\/wp-json\/wp\/v2\/product"}],"about":[{"href":"https:\/\/laviboutique.lt\/index.php\/wp-json\/wp\/v2\/types\/product"}],"wp:featuredmedia":[{"embeddable":true,"href":"https:\/\/laviboutique.lt\/index.php\/wp-json\/wp\/v2\/media\/9755"}],"wp:attachment":[{"href":"https:\/\/laviboutique.lt\/index.php\/wp-json\/wp\/v2\/media?parent=9750"}],"wp:term":[{"taxonomy":"product_cat","embeddable":true,"href":"https:\/\/laviboutique.lt\/index.php\/wp-json\/wp\/v2\/product_cat?post=9750"},{"taxonomy":"product_tag","embeddable":true,"href":"https:\/\/laviboutique.lt\/index.php\/wp-json\/wp\/v2\/product_tag?post=9750"}],"curies":[{"name":"wp","href":"https:\/\/api.w.org\/{rel}","templated":true}]}}