{"id":9762,"date":"2025-02-27T23:50:17","date_gmt":"2025-02-27T21:50:17","guid":{"rendered":"https:\/\/laviboutique.lt\/?post_type=product&#038;p=9762"},"modified":"2025-07-18T23:34:59","modified_gmt":"2025-07-18T20:34:59","slug":"velvetinis-dvieju-daliu-kostiumelis-pilkas","status":"publish","type":"product","link":"https:\/\/laviboutique.lt\/index.php\/produktas\/velvetinis-dvieju-daliu-kostiumelis-pilkas\/","title":{"rendered":"Velvetinis dviej\u0173 dali\u0173 kostium\u0117lis pilkas"},"content":{"rendered":"","protected":false},"excerpt":{"rendered":"","protected":false},"featured_media":9760,"template":"","meta":{"om_disable_all_campaigns":false,"_monsterinsights_skip_tracking":false,"_monsterinsights_sitenote_active":false,"_monsterinsights_sitenote_note":"","_monsterinsights_sitenote_category":0},"product_cat":[23],"product_tag":[],"aioseo_notices":[],"jetpack_sharing_enabled":true,"_links":{"self":[{"href":"https:\/\/laviboutique.lt\/index.php\/wp-json\/wp\/v2\/product\/9762"}],"collection":[{"href":"https:\/\/laviboutique.lt\/index.php\/wp-json\/wp\/v2\/product"}],"about":[{"href":"https:\/\/laviboutique.lt\/index.php\/wp-json\/wp\/v2\/types\/product"}],"wp:featuredmedia":[{"embeddable":true,"href":"https:\/\/laviboutique.lt\/index.php\/wp-json\/wp\/v2\/media\/9760"}],"wp:attachment":[{"href":"https:\/\/laviboutique.lt\/index.php\/wp-json\/wp\/v2\/media?parent=9762"}],"wp:term":[{"taxonomy":"product_cat","embeddable":true,"href":"https:\/\/laviboutique.lt\/index.php\/wp-json\/wp\/v2\/product_cat?post=9762"},{"taxonomy":"product_tag","embeddable":true,"href":"https:\/\/laviboutique.lt\/index.php\/wp-json\/wp\/v2\/product_tag?post=9762"}],"curies":[{"name":"wp","href":"https:\/\/api.w.org\/{rel}","templated":true}]}}