{"id":9810,"date":"2025-03-24T21:39:16","date_gmt":"2025-03-24T19:39:16","guid":{"rendered":"https:\/\/laviboutique.lt\/index.php\/produktas\/dvieju-daliu-kostiumelis-kaily\/"},"modified":"2025-03-24T21:39:18","modified_gmt":"2025-03-24T19:39:18","slug":"dvieju-daliu-kostiumelis-kaily","status":"publish","type":"product","link":"https:\/\/laviboutique.lt\/index.php\/produktas\/dvieju-daliu-kostiumelis-kaily\/","title":{"rendered":"Dviej\u0173 dali\u0173 kostium\u0117lis \u201cKaily\u201d"},"content":{"rendered":"<p>I\u0161matavimai:<\/p>\n<p>Keln\u0117s:<\/p>\n<p>Liemen\u0117:<\/p>\n","protected":false},"excerpt":{"rendered":"<p>Kostium\u0117lis tiks auk\u0161tesn\u0117ms merginoms<\/p>\n","protected":false},"featured_media":9809,"template":"","meta":{"om_disable_all_campaigns":false,"_monsterinsights_skip_tracking":false,"_monsterinsights_sitenote_active":false,"_monsterinsights_sitenote_note":"","_monsterinsights_sitenote_category":0},"product_cat":[23],"product_tag":[],"aioseo_notices":[],"jetpack_sharing_enabled":true,"_links":{"self":[{"href":"https:\/\/laviboutique.lt\/index.php\/wp-json\/wp\/v2\/product\/9810"}],"collection":[{"href":"https:\/\/laviboutique.lt\/index.php\/wp-json\/wp\/v2\/product"}],"about":[{"href":"https:\/\/laviboutique.lt\/index.php\/wp-json\/wp\/v2\/types\/product"}],"wp:featuredmedia":[{"embeddable":true,"href":"https:\/\/laviboutique.lt\/index.php\/wp-json\/wp\/v2\/media\/9809"}],"wp:attachment":[{"href":"https:\/\/laviboutique.lt\/index.php\/wp-json\/wp\/v2\/media?parent=9810"}],"wp:term":[{"taxonomy":"product_cat","embeddable":true,"href":"https:\/\/laviboutique.lt\/index.php\/wp-json\/wp\/v2\/product_cat?post=9810"},{"taxonomy":"product_tag","embeddable":true,"href":"https:\/\/laviboutique.lt\/index.php\/wp-json\/wp\/v2\/product_tag?post=9810"}],"curies":[{"name":"wp","href":"https:\/\/api.w.org\/{rel}","templated":true}]}}